{"id":630,"date":"2020-02-03T18:29:21","date_gmt":"2020-02-03T17:29:21","guid":{"rendered":"https:\/\/danskdata.com\/?page_id=630"},"modified":"2022-03-15T07:33:36","modified_gmt":"2022-03-15T06:33:36","slug":"handelsbetingelser-2","status":"publish","type":"page","link":"https:\/\/danskdata.com\/?page_id=630","title":{"rendered":"Handelsbetingelser"},"content":{"rendered":"\t\t<div data-elementor-type=\"wp-page\" data-elementor-id=\"630\" class=\"elementor elementor-630\">\n\t\t\t\t\t\t<section class=\"elementor-section elementor-top-section elementor-element elementor-element-5dff949 elementor-section-content-middle elementor-section-boxed elementor-section-height-default elementor-section-height-default\" data-id=\"5dff949\" data-element_type=\"section\" data-e-type=\"section\" data-settings=\"{&quot;background_background&quot;:&quot;classic&quot;}\">\n\t\t\t\t\t\t\t<div class=\"elementor-background-overlay\"><\/div>\n\t\t\t\t\t\t\t<div class=\"elementor-container elementor-column-gap-default\">\n\t\t\t\t\t<div class=\"elementor-column elementor-col-100 elementor-top-column elementor-element elementor-element-8fde912\" data-id=\"8fde912\" data-element_type=\"column\" data-e-type=\"column\">\n\t\t\t<div class=\"elementor-widget-wrap elementor-element-populated\">\n\t\t\t\t\t\t<div class=\"elementor-element elementor-element-a52b4ae elementor-widget elementor-widget-heading\" data-id=\"a52b4ae\" data-element_type=\"widget\" data-e-type=\"widget\" data-widget_type=\"heading.default\">\n\t\t\t\t<div class=\"elementor-widget-container\">\n\t\t\t\t\t<h2 class=\"elementor-heading-title elementor-size-default\">Handelsbetingelser<\/h2>\t\t\t\t<\/div>\n\t\t\t\t<\/div>\n\t\t\t\t\t<\/div>\n\t\t<\/div>\n\t\t\t\t\t<\/div>\n\t\t<\/section>\n\t\t\t\t<section class=\"elementor-section elementor-top-section elementor-element elementor-element-cbc5b1c elementor-section-boxed elementor-section-height-default elementor-section-height-default\" data-id=\"cbc5b1c\" data-element_type=\"section\" data-e-type=\"section\">\n\t\t\t\t\t\t<div class=\"elementor-container elementor-column-gap-default\">\n\t\t\t\t\t<div class=\"elementor-column elementor-col-100 elementor-top-column elementor-element elementor-element-e120391\" data-id=\"e120391\" data-element_type=\"column\" data-e-type=\"column\">\n\t\t\t<div class=\"elementor-widget-wrap elementor-element-populated\">\n\t\t\t\t\t\t<div class=\"elementor-element elementor-element-7e3fa1e elementor-widget elementor-widget-spacer\" data-id=\"7e3fa1e\" data-element_type=\"widget\" data-e-type=\"widget\" data-widget_type=\"spacer.default\">\n\t\t\t\t<div class=\"elementor-widget-container\">\n\t\t\t\t\t\t\t<div class=\"elementor-spacer\">\n\t\t\t<div class=\"elementor-spacer-inner\"><\/div>\n\t\t<\/div>\n\t\t\t\t\t\t<\/div>\n\t\t\t\t<\/div>\n\t\t\t\t\t<\/div>\n\t\t<\/div>\n\t\t\t\t\t<\/div>\n\t\t<\/section>\n\t\t\t\t<section class=\"elementor-section elementor-top-section elementor-element elementor-element-8909b54 elementor-section-boxed elementor-section-height-default elementor-section-height-default\" data-id=\"8909b54\" data-element_type=\"section\" data-e-type=\"section\">\n\t\t\t\t\t\t<div class=\"elementor-container elementor-column-gap-default\">\n\t\t\t\t\t<div class=\"elementor-column elementor-col-100 elementor-top-column elementor-element elementor-element-032b08d\" data-id=\"032b08d\" data-element_type=\"column\" data-e-type=\"column\">\n\t\t\t<div class=\"elementor-widget-wrap elementor-element-populated\">\n\t\t\t\t\t\t<div class=\"elementor-element elementor-element-2150e0b elementor-widget elementor-widget-text-editor\" data-id=\"2150e0b\" data-element_type=\"widget\" data-e-type=\"widget\" data-widget_type=\"text-editor.default\">\n\t\t\t\t<div class=\"elementor-widget-container\">\n\t\t\t\t\t\t\t\t\t<p>Dette dokument vil gennemg\u00e5&nbsp;<span style=\"color: rgb(122, 122, 122); font-size: 16.0016px;\">Danskdata ApS<\/span>\u2019 generelle forretningsbetingelser. Ved at indg\u00e5 i samhandel med Leverand\u00f8ren, erkl\u00e6rer Kunden sig enig i og bekendt med n\u00e6rv\u00e6rende dokument.<\/p>\n<p><b>1. Generelt<\/b><br>1.1. Forretningsbetingelserne er de g\u00e6ldende betingelser for samhandel mellem Kunden og&nbsp;<span style=\"color: rgb(122, 122, 122); font-size: 16.0016px;\">Danskdata ApS<\/span>. N\u00e5r Kunden indg\u00e5r en handel, en Hostingaftale eller Abonnementsaftale med&nbsp;<span style=\"color: rgb(122, 122, 122); font-size: 16.0016px;\">Danskdata ApS<\/span>, erkl\u00e6rer Kunden sig enig i og bekendt med n\u00e6rv\u00e6rende forretningsbetingelser.<br>1.2.&nbsp;<span style=\"color: rgb(122, 122, 122); font-size: 16.0016px;\">Danskdata ApS<\/span>&nbsp;forbeholder sig retten til l\u00f8bende at foretage \u00e6ndringer i forretningsbetingelserne uden forudg\u00e5ende varsel, dog med en foruds\u00e6tning om, at de opdaterede og g\u00e6ldende forretningsbetingelser altid er tilg\u00e6ngelige p\u00e5&nbsp;<span style=\"color: rgb(122, 122, 122); font-size: 16.0016px;\">Danskdata ApS<\/span>\u2019 hjemmeside.<br>1.3. Forretningsbetingelserne er uopsigelige og bindende for Parterne i den aftaleperiode som fastl\u00e6gges i Parternes aftale. Hvis der ikke er defineret nogen aftaleperiode, vil Forretningsbetingelserne v\u00e6re g\u00e6ldende indtil aftalens oph\u00f8r.<br>1.4. I tilf\u00e6lde af uoverensstemmelse mellem&nbsp;<span style=\"color: rgb(122, 122, 122); font-size: 16.0016px;\">Danskdata ApS<\/span>\u2019 forretningsbetingelser og Aftalen, vil Aftalen altid have forrang.<br>1.5. Der tages forbehold for tryk- og prisfejl p\u00e5&nbsp;<span style=\"color: rgb(122, 122, 122); font-size: 16.0016px;\">Danskdata ApS<\/span>\u2019 trykte materiale og hjemmeside.<\/p>\n<p><b>2. Betalingsbetingelser<\/b><br>2.1. L\u00f8bende vederlag og andre betalinger for ydelser og l\u00f8sninger betales netto inden 8 dage, medmindre andet er aftalt mellem Parterne.<br>2.2. Alle&nbsp;<span style=\"color: rgb(122, 122, 122); font-size: 16.0016px;\">Danskdata ApS<\/span>\u2019 priser er oplyst i danske kroner, ekskl. moms og uden statsafgifter, ekspeditionsgebyrer og lign., medmindre andet er angivet.<br>2.3. S\u00e5fremt Kundens betaling ikke er&nbsp;<span style=\"color: rgb(122, 122, 122); font-size: 16.0016px;\">Danskdata ApS<\/span>&nbsp;i h\u00e6nde rettidigt, er&nbsp;<span style=\"color: rgb(122, 122, 122); font-size: 16.0016px;\">Danskdata ApS<\/span>&nbsp;berettiget til at sende 1. rykker 10 dage efter betalingsfristen og 2. rykker 20 dage efter betalingsfristen. Hvis betalingen stadig ikke er&nbsp;<span style=\"color: rgb(122, 122, 122); font-size: 16.0016px;\">Danskdata ApS<\/span>&nbsp;i h\u00e6nde efter 30 dage fra betalingsfristen, er&nbsp;<span style=\"color: rgb(122, 122, 122); font-size: 16.0016px;\">Danskdata ApS<\/span>&nbsp;berettiget til at suspendere produktet, samtidig med at kravet videresendes til inkassoinddrivelse. Ved alle betalings-forsinkelser er&nbsp;<span style=\"color: rgb(122, 122, 122); font-size: 16.0016px;\">Danskdata ApS<\/span>&nbsp;berettiget til at opkr\u00e6ve gebyr ved udsendelse af faktura og rykkerbreve. Kunden f\u00e5r ikke refusion for perioder med suspendering, hvis disse skyldes Kundens manglende betaling.<\/p>\n<p><b>3. Tilbud og accept<\/b><br>3.1.&nbsp;<span style=\"color: rgb(122, 122, 122); font-size: 16.0016px;\">Danskdata ApS<\/span>\u2019 tilbud er som udgangspunkt g\u00e6ldende i 8 dage og derefter er det kun med&nbsp;<span style=\"color: rgb(122, 122, 122); font-size: 16.0016px;\">Danskdata ApS<\/span>\u2019 accept, at tilbudsfristen kan forl\u00e6nges. F\u00f8rst ved Parternes underskrift bliver eventuelle tilbud og alle tilh\u00f8rende bilag gyldige og bindende for Parterne.<\/p>\n<p><b>4. Levering og forsendelse<\/b><br>4.1. I tilf\u00e6lde af v\u00e6sentlig forsinkelse i forbindelse med&nbsp;<span style=\"color: rgb(122, 122, 122); font-size: 16.0016px;\">Danskdata ApS<\/span>\u2019 levering til Kunden, orienterer&nbsp;<span style=\"color: rgb(122, 122, 122); font-size: 16.0016px;\">Danskdata ApS<\/span>&nbsp;Kunden om forsinkelsen uden ophold, s\u00e5fremt dette er muligt.<br>4.2. I tilf\u00e6lde, hvor&nbsp;<span style=\"color: rgb(122, 122, 122); font-size: 16.0016px;\">Danskdata ApS<\/span>&nbsp;er afh\u00e6ngig af en tredjeparts leverance, kan&nbsp;<span style=\"color: rgb(122, 122, 122); font-size: 16.0016px;\">Danskdata ApS<\/span>&nbsp;ikke holdes ansvarlig for forsinkelse, hvis forsinkelsen skyldes tredjepartens forhold.<\/p>\n<p><b>5. Returnering og annullering<\/b><br>5.1. Efter modtagelsen af&nbsp;<span style=\"color: rgb(122, 122, 122); font-size: 16.0016px;\">Danskdata ApS<\/span>\u2019 produkter, skal Kunden g\u00f8re opm\u00e6rksom p\u00e5 fejl og mangler uden ophold. S\u00e5fremt manglerne skyldes forhold fra&nbsp;<span style=\"color: rgb(122, 122, 122); font-size: 16.0016px;\">Danskdata ApS<\/span>\u2019 side, f\u00e5r Kunden enten udbedret fejl og mangler eller et nyt produkt uden beregning.<br>5.2. Ved kreditering fradrages p\u00e5l\u00f8bne omkostninger, dog minimum 10%.&nbsp;<span style=\"color: rgb(122, 122, 122); font-size: 16.0016px;\">Danskdata ApS<\/span>&nbsp;yder 8 dages returret fra fakturadato, dog er&nbsp;<span style=\"color: rgb(122, 122, 122); font-size: 16.0016px;\">Danskdata ApS<\/span>&nbsp;berettiget til at beregne sig et gebyr p\u00e5 10% af fakturabel\u00f8bet ved returnering, \u00e6ndring eller annullering af ordren. Annullering eller reduktion af ordre kan kun ske med&nbsp;<span style=\"color: rgb(122, 122, 122); font-size: 16.0016px;\">Danskdata ApS<\/span>\u2019 godkendelse og det er yderligere en foruds\u00e6tning, at Kundens vare returneres i original og ubrudt emballage.<br>5.3. S\u00e5fremt, at&nbsp;<span style=\"color: rgb(122, 122, 122); font-size: 16.0016px;\">Danskdata ApS<\/span>&nbsp;har leveret et specielt tilpasset produkt, efter bestilling fra Kunden, kan Kunden som udgangspunkt ikke returnere eller annullere bestillingen.<\/p>\n<p><b>6. Teknisk service<\/b><br>6.1. \u00d8nsker Kunden installation af eller vejledning i betjening af udstyr og programmel kan der tr\u00e6ffes aftale om teknisk service. Teknisk service faktureres til&nbsp;<span style=\"color: rgb(122, 122, 122); font-size: 16.0016px;\">Danskdata ApS<\/span>\u2019 g\u00e6ldende timesats og minimumsfakturering er pr. p\u00e5begyndt time. Opgaver uden for normal arbejdstid, dvs. kl. 9.00-17.00, afregnes med + 100%.<br>6.2. Har Kunden k\u00f8bt et klippekort p\u00e5 teknisk service hos&nbsp;<span style=\"color: rgb(122, 122, 122); font-size: 16.0016px;\">Danskdata ApS<\/span>, g\u00e6lder f\u00f8lgende betingelser: Klippekortet er gyldigt i 2 \u00e5r fra udstedelsesdatoen. Klippekortet kan ikke krediteres eller ombyttes til varek\u00f8b, og&nbsp;<span style=\"color: rgb(122, 122, 122); font-size: 16.0016px;\">Danskdata ApS<\/span>&nbsp;refunderer ikke betalinger. Mindste forbrug er 1 klip pr. servicebes\u00f8g og 1 klip ved telefon- eller fjernsupport. Klippekortet er g\u00e6ldende inden for normal arbejdstid, dvs. kl. 9.00-17.00. Opgaver uden for dette tidsrum afregnes med + 100%.<br>6.3.&nbsp;<span style=\"color: rgb(122, 122, 122); font-size: 16.0016px;\">Danskdata ApS<\/span>&nbsp;er fraskrevet ethvert erstatningsansvar i forbindelse med teknisk service, medmindre&nbsp;<span style=\"color: rgb(122, 122, 122); font-size: 16.0016px;\">Danskdata ApS<\/span>\u2019 medarbejder har handlet groft uagtsomt.<\/p>\n<p><b>7. Gentegningsprodukter og -ydelser<\/b><br>7.1. Medmindre andet er aftalt, er mindstesalg af gentegningsprodukter og -ydelser 3 m\u00e5neder. Alle bestillinger af gentegningsprodukter og -ydelser forud faktureres for en periode p\u00e5 minimum 12 m\u00e5neder.<br>7.2. Aftaler om gentegningsprodukter og -ydelser kan til enhver tid opsiges skriftligt med en m\u00e5neds varsel til udl\u00f8bet af perioden.<br>7.3.&nbsp;<span style=\"color: rgb(122, 122, 122); font-size: 16.0016px;\">Danskdata ApS<\/span>&nbsp;refunderer ikke betalinger, s\u00e5fremt k\u00f8ber \u00f8nsker at opsige eller nedl\u00e6gge gentegningsprodukter og -ydelser midt i perioden.<br>7.4. Hvis aftaler om gentegningsprodukter og -ydelser ikke skriftligt er opsagt, vil de automatisk blive gentegnet.<\/p>\n<p><b>8. Kundens ansvar<\/b><br>8.1. Kunden er indforst\u00e5et med at skulle overholde alle g\u00e6ldende love og regler i forbindelse med Kundens forretning. Kunden er ligeledes indforst\u00e5et med, at&nbsp;<span style=\"color: rgb(122, 122, 122); font-size: 16.0016px;\">Danskdata ApS<\/span>&nbsp;ikke ud\u00f8ver nogen kontrol af indholdet af den information som Kunden udsender fra&nbsp;<span style=\"color: rgb(122, 122, 122); font-size: 16.0016px;\">Danskdata ApS<\/span>\u2019 datacenter, og at det udelukkende er Kundens ansvar at sikre, at det data som Kunden sender og modtager, overholder alle g\u00e6ldende love og regler.<br>8.2. Kunden er forpligtet til at tilvejebringe alle n\u00f8dvendige og beh\u00f8rige tilladelser og godkendelser, samt p\u00e5 anden m\u00e5de overholder den danske lovgivning og krav fra enhver relevant offentlig myndighed, som er g\u00e6ldende for installation, brug og ejerskab af de ydelser der stilles til r\u00e5dighed af&nbsp;<span style=\"color: rgb(122, 122, 122); font-size: 16.0016px;\">Danskdata ApS<\/span>.<br>8.3. Kunden er forpligtiget til selv at holde sine stamdata opdateret over for&nbsp;<span style=\"color: rgb(122, 122, 122); font-size: 16.0016px;\">Danskdata ApS<\/span>, s\u00e5ledes at adresseoplysninger, kontaktoplysninger og fakturerings-oplysninger til enhver tid er gyldige.<br>8.4. Kunden er forpligtet til at overholde god skik og orden ved anvendelsen af&nbsp;<span style=\"color: rgb(122, 122, 122); font-size: 16.0016px;\">Danskdata ApS<\/span>\u2019 netv\u00e6rk og servere. God skik og orden betyder bredt fortolket, at Kunden ikke m\u00e5 benytte&nbsp;<span style=\"color: rgb(122, 122, 122); font-size: 16.0016px;\">Danskdata ApS<\/span>\u2019 ydelser til at bryde dansk lovgivning eller p\u00e5 nogen m\u00e5de genere andre virksomheder eller privatpersoner. Hvis Kunden er usikker p\u00e5 om en handling eller brug af en l\u00f8sning er tilladt, er det Kundens ansvar at kontakte&nbsp;<span style=\"color: rgb(122, 122, 122); font-size: 16.0016px;\">Danskdata ApS<\/span>&nbsp;og eftersp\u00f8rge anvisning herom.<br>8.5.&nbsp;<span style=\"color: rgb(122, 122, 122); font-size: 16.0016px;\">Danskdata ApS<\/span>&nbsp;tillader opbevaring af alt data, materiel og information, der ikke er i strid med den danske lovgivning, dog med undtagelse af pornografisk og andet kontroversielt eller uetisk materiale, som ikke m\u00e5 forefindes p\u00e5&nbsp;<span style=\"color: rgb(122, 122, 122); font-size: 16.0016px;\">Danskdata ApS<\/span>\u2019 l\u00f8sninger uden forudg\u00e5ende aftale. Vurderingen af, om indholdet defineres som kontroversielt, foretages af&nbsp;<span style=\"color: rgb(122, 122, 122); font-size: 16.0016px;\">Danskdata ApS<\/span>&nbsp;og kan resultere i at Kundens aftale bliver oph\u00e6vet eller at Kundens l\u00f8sning bliver lukket.<\/p>\n<p>9<b>. Udstyr og garanti<\/b><br>9.1. I tilf\u00e6lde hvor Kunden k\u00f8ber udstyr af&nbsp;<span style=\"color: rgb(122, 122, 122); font-size: 16.0016px;\">Danskdata ApS<\/span>, er udstyret solgt med ejendomsforbehold, indtil Kunden har betalt den fulde k\u00f8besum, inkl. eventuelle renter og ekstra omkostninger som&nbsp;<span style=\"color: rgb(122, 122, 122); font-size: 16.0016px;\">Danskdata ApS<\/span>&nbsp;har afholdt i forbindelse med k\u00f8bet.<br>9.2. I tilf\u00e6lde hvor Kunden lejer udstyr af&nbsp;<span style=\"color: rgb(122, 122, 122); font-size: 16.0016px;\">Danskdata ApS<\/span>, er udstyret udlejet med ejendomsforbehold og vil under hele aftaleforl\u00f8bet v\u00e6re&nbsp;<span style=\"color: rgb(122, 122, 122); font-size: 16.0016px;\">Danskdata ApS<\/span>\u2019 ejendom.<br>9.3.&nbsp;<span style=\"color: rgb(122, 122, 122); font-size: 16.0016px;\">Danskdata ApS<\/span>&nbsp;har som udgangspunkt et \u00e5rs garanti, medmindre andet er skriftligt aftalt med Kunden. Garantien d\u00e6kker ikke reetablering af nogen form for programmel eller data i forbindelse med garantireparation.<br>9.4. S\u00e5fremt, at Kunden \u00f8nsker kontinuerlig service udf\u00f8rt p\u00e5 sit udstyr, kan Kunden tegne en serviceaftale hos&nbsp;<span style=\"color: rgb(122, 122, 122); font-size: 16.0016px;\">Danskdata ApS<\/span>. Hvis Kunden ikke har tegnet en serviceaftale hos&nbsp;<span style=\"color: rgb(122, 122, 122); font-size: 16.0016px;\">Danskdata ApS<\/span>, s\u00e5 afregnes udf\u00f8rt service p\u00e5 L\u00f8sningen til g\u00e6ldende timesats.<\/p>\n<p><b>10. Erstatningsansvar<\/b><br>10.1.&nbsp;<span style=\"color: rgb(122, 122, 122); font-size: 16.0016px;\">Danskdata ApS<\/span>&nbsp;kan ikke holdes erstatningsansvarlig for nogen form for indirekte tab over for den anden Part eller tredjemand, herunder dennes koncernselskaber, forhandlere, kunder eller andre interessenter.<br>10.2.&nbsp;<span style=\"color: rgb(122, 122, 122); font-size: 16.0016px;\">Danskdata ApS<\/span>\u2019 erstatningsansvar kan, uanset \u00e5rsagen til skaden, herunder grov uagtsomhed fra&nbsp;<span style=\"color: rgb(122, 122, 122); font-size: 16.0016px;\">Danskdata ApS<\/span>\u2019 ansattes side eller underleverand\u00f8rer, aldrig overstige kr. 100.000.<\/p>\n<p><b>11. Force majeure<\/b><br>11.1. Ingen af Parterne er forpligtet til at yde erstatning i tilf\u00e6lde af manglende aftaleopfyldelse for\u00e5rsaget af forhold der ligger uden for Parternes kontrol. I tilf\u00e6lde af Force Majeure, hvor Kundens l\u00f8sning ikke fungerer som aftalt i henhold til aftalen, er Kunden ikke forpligtet til at betale for l\u00f8sningen i perioden hvor den ikke fungerer. Tilf\u00e6lde af Force Majeure kan v\u00e6re lynnedslag, oversv\u00f8mmelser, naturkatastrofer, manglende eller forsinket myndighedsgodkendelse, regeringsindgreb, krigshandling, ildebrand, v\u00e6bnet konflikt, terrorisme, opr\u00f8r, arbejdsnedl\u00e6ggelse, strejke og lockout, herunder ogs\u00e5 strejke og lockout blandt&nbsp;<span style=\"color: rgb(122, 122, 122); font-size: 16.0016px;\">Danskdata ApS<\/span>\u2019 egne medarbejdere og eventuelle underleverand\u00f8rer.<\/p>\n<p><b>12. V\u00e6rneting<\/b><br>12.1. N\u00e6rv\u00e6rende Forretningsbetingelser skal fortolkes i overensstemmelse med dansk ret.<br>12.2. Parterne forpligter sig til gennem forhandling at fors\u00f8ge, at finde en mindelig l\u00f8sning p\u00e5 konflikter, og bestr\u00e6be sig p\u00e5, at g\u00f8re det p\u00e5 en s\u00e5dan m\u00e5de, at Parternes \u00f8vrige produktion og andre ydelser ikke ber\u00f8res heraf.<br>12.3. I mangel af mindelig l\u00f8sning efter forhandling, skal sagen afg\u00f8res endeligt og<br>bindende efter dansk ret ved en retsinstans efter&nbsp;<span style=\"color: rgb(122, 122, 122); font-size: 16.0016px;\">Danskdata ApS<\/span>\u2019 valg, som v\u00e6rneting i f\u00f8rste instans.<br><br><span style=\"color: rgb(73, 73, 73); font-family: &quot;Open Sans&quot;; font-size: 16px;\">Der tages forbehold for prisfejl og udsolgte\/udg\u00e5ede varer.<\/span><br><\/p>\t\t\t\t\t\t\t\t<\/div>\n\t\t\t\t<\/div>\n\t\t\t\t\t<\/div>\n\t\t<\/div>\n\t\t\t\t\t<\/div>\n\t\t<\/section>\n\t\t\t\t<\/div>\n\t\t","protected":false},"excerpt":{"rendered":"<p>Handelsbetingelser Dette dokument vil gennemg\u00e5&nbsp;Danskdata ApS\u2019 generelle forretningsbetingelser. Ved at indg\u00e5 i samhandel med Leverand\u00f8ren, erkl\u00e6rer Kunden sig enig i og bekendt med n\u00e6rv\u00e6rende dokument. 1. Generelt1.1. Forretningsbetingelserne er de g\u00e6ldende betingelser for samhandel mellem Kunden og&nbsp;Danskdata ApS. N\u00e5r Kunden indg\u00e5r en handel, en Hostingaftale eller Abonnementsaftale med&nbsp;Danskdata ApS, erkl\u00e6rer Kunden sig enig i og [&hellip;]<\/p>\n","protected":false},"author":2,"featured_media":0,"parent":0,"menu_order":0,"comment_status":"closed","ping_status":"closed","template":"","meta":{"footnotes":""},"class_list":["post-630","page","type-page","status-publish","hentry"],"post_mailing_queue_ids":[],"_links":{"self":[{"href":"https:\/\/danskdata.com\/index.php?rest_route=\/wp\/v2\/pages\/630","targetHints":{"allow":["GET"]}}],"collection":[{"href":"https:\/\/danskdata.com\/index.php?rest_route=\/wp\/v2\/pages"}],"about":[{"href":"https:\/\/danskdata.com\/index.php?rest_route=\/wp\/v2\/types\/page"}],"author":[{"embeddable":true,"href":"https:\/\/danskdata.com\/index.php?rest_route=\/wp\/v2\/users\/2"}],"replies":[{"embeddable":true,"href":"https:\/\/danskdata.com\/index.php?rest_route=%2Fwp%2Fv2%2Fcomments&post=630"}],"version-history":[{"count":8,"href":"https:\/\/danskdata.com\/index.php?rest_route=\/wp\/v2\/pages\/630\/revisions"}],"predecessor-version":[{"id":1088,"href":"https:\/\/danskdata.com\/index.php?rest_route=\/wp\/v2\/pages\/630\/revisions\/1088"}],"wp:attachment":[{"href":"https:\/\/danskdata.com\/index.php?rest_route=%2Fwp%2Fv2%2Fmedia&parent=630"}],"curies":[{"name":"wp","href":"https:\/\/api.w.org\/{rel}","templated":true}]}}